{"id":1465,"date":"2024-04-11T08:51:25","date_gmt":"2024-04-11T06:51:25","guid":{"rendered":"https:\/\/swifteasyshop.ro\/?post_type=product&#038;p=1465"},"modified":"2024-09-16T20:01:55","modified_gmt":"2024-09-16T18:01:55","slug":"trimmer-de-iarba-cu-acumulatori-husqvarna-110il-cu-acumulator-si-incarcator","status":"publish","type":"product","link":"https:\/\/swifteasyshop.ro\/en\/product\/trimmer-de-iarba-cu-acumulatori-husqvarna-110il-cu-acumulator-si-incarcator\/","title":{"rendered":"Trimmer de iarb\u0103 cu acumulatori HUSQVARNA 110iL cu acumulator \u0219i \u00eenc\u0103rc\u0103tor"},"content":{"rendered":"<p>Baterie<br \/>EU, Kit incl BLi10 &amp; C80<br \/>Nr. art.: 970\u00a053\u00a012\u201102<br \/>Tensiune baterie<br \/>36 V<br \/>Tip acumulator<br \/>Li-Ion<br \/>Capacitate<\/p>\n<p>L\u0103\u0163imea de t\u0103iere<br \/>30 cm<br \/>Dimensiuni<\/p>\n<p>Greutate (f\u0103r\u0103 acumulator \u0219i echipament de t\u0103iere)<br \/>3 kg<br \/>Greutate f\u0103r\u0103 acumulator<br \/>3,2 kg<br \/>Diametrul tubului<br \/>26 mm<br \/>Dimensiune produs, lungime<br \/>167 cm<br \/>Motor<\/p>\n<p>Tura\u0163ia maxim\u0103 (rota\u0163ii pe minut) a tijei la ie\u015fire<br \/>6.500 rpm<br \/>Tip motor<br \/>PMDC (2 brushed)<br \/>Echipament<\/p>\n<p>Raport de transmisie<br \/>2,8<br \/>Unghiul pinionului de antrenare<br \/>20 \u00b0<br \/>Ham OEM<br \/>&#8211;<br \/>Disc OEM<br \/>&#8211;<br \/>Cap trimmer OEM<br \/>A15B<br \/>Disc pentru iarb\u0103 OEM<br \/>&#8211;<br \/>Acumulator<br \/>BLi10, 36V \/ 2,0Ah<br \/>\u00cenc\u0103rc\u0103tor<br \/>40-C80<br \/>Num\u0103r de acumulatori incluse<br \/>1<br \/>Sunet \u0219i zgomot<\/p>\n<p>Emisii zgomot\u00a0\u00a0\u00a0\u00a0\u00a0\u00a0\u00a0\u00a0\u00a0\u00a0\u00a0\u00a0\u00a0\u00a0\u00a0\u00a0\u00a0<br \/>92 dB(A)<br \/>Emisii de zgomot la urechea operatorului\u00a0\u00a0\u00a0\u00a0\u00a0\u00a0\u00a0\u00a0\u00a0<br \/>73,4 dB(A)<br \/>Vibra\u021bii<\/p>\n<p>Nivel vibra\u021bii echivalent (ahv , eq) m\u00e2ner fat\u0103 \/ spate<br \/>1,36 m\/s\u00b2<br \/>Nivel vibra\u021bii echivalent (ahv , eq) m\u00e2ner fat\u0103 \/ spate<br \/>1,05 m\/s\u00b2<\/p>","protected":false},"excerpt":{"rendered":"<p>Husqvarna 110iL reprezint\u0103 trimmerul pentru gr\u0103din\u0103, pe acumulator, ideal pentru gr\u0103dini mici, ce func\u021bioneaz\u0103 cu zgomot \u0219i vibra\u021bii reduse, f\u0103r\u0103 emisii directe.<\/p>","protected":false},"featured_media":1466,"comment_status":"open","ping_status":"closed","template":"","meta":{"site-sidebar-layout":"default","site-content-layout":"","ast-site-content-layout":"default","site-content-style":"default","site-sidebar-style":"default","ast-global-header-display":"","ast-banner-title-visibility":"","ast-main-header-display":"","ast-hfb-above-header-display":"","ast-hfb-below-header-display":"","ast-hfb-mobile-header-display":"","site-post-title":"","ast-breadcrumbs-content":"","ast-featured-img":"","footer-sml-layout":"","theme-transparent-header-meta":"","adv-header-id-meta":"","stick-header-meta":"","header-above-stick-meta":"","header-main-stick-meta":"","header-below-stick-meta":"","astra-migrate-meta-layouts":"default","ast-page-background-enabled":"default","ast-page-background-meta":{"desktop":{"background-color":"var(--ast-global-color-4)","background-image":"","background-repeat":"repeat","background-position":"center center","background-size":"auto","background-attachment":"scroll","background-type":"","background-media":"","overlay-type":"","overlay-color":"","overlay-opacity":"","overlay-gradient":""},"tablet":{"background-color":"","background-image":"","background-repeat":"repeat","background-position":"center center","background-size":"auto","background-attachment":"scroll","background-type":"","background-media":"","overlay-type":"","overlay-color":"","overlay-opacity":"","overlay-gradient":""},"mobile":{"background-color":"","background-image":"","background-repeat":"repeat","background-position":"center center","background-size":"auto","background-attachment":"scroll","background-type":"","background-media":"","overlay-type":"","overlay-color":"","overlay-opacity":"","overlay-gradient":""}},"ast-content-background-meta":{"desktop":{"background-color":"var(--ast-global-color-5)","background-image":"","background-repeat":"repeat","background-position":"center center","background-size":"auto","background-attachment":"scroll","background-type":"","background-media":"","overlay-type":"","overlay-color":"","overlay-opacity":"","overlay-gradient":""},"tablet":{"background-color":"var(--ast-global-color-5)","background-image":"","background-repeat":"repeat","background-position":"center center","background-size":"auto","background-attachment":"scroll","background-type":"","background-media":"","overlay-type":"","overlay-color":"","overlay-opacity":"","overlay-gradient":""},"mobile":{"background-color":"var(--ast-global-color-5)","background-image":"","background-repeat":"repeat","background-position":"center center","background-size":"auto","background-attachment":"scroll","background-type":"","background-media":"","overlay-type":"","overlay-color":"","overlay-opacity":"","overlay-gradient":""}}},"product_brand":[],"product_cat":[58,38],"product_tag":[],"class_list":{"0":"post-1465","1":"product","2":"type-product","3":"status-publish","4":"has-post-thumbnail","6":"product_cat-aku","7":"product_cat-cositoare","8":"product_shipping_class-transport","9":"desktop-align-center","10":"tablet-align-left","11":"mobile-align-left","13":"first","14":"instock","15":"shipping-taxable","16":"purchasable","17":"product-type-simple"},"jetpack_sharing_enabled":true,"_links":{"self":[{"href":"https:\/\/swifteasyshop.ro\/en\/wp-json\/wp\/v2\/product\/1465","targetHints":{"allow":["GET"]}}],"collection":[{"href":"https:\/\/swifteasyshop.ro\/en\/wp-json\/wp\/v2\/product"}],"about":[{"href":"https:\/\/swifteasyshop.ro\/en\/wp-json\/wp\/v2\/types\/product"}],"replies":[{"embeddable":true,"href":"https:\/\/swifteasyshop.ro\/en\/wp-json\/wp\/v2\/comments?post=1465"}],"wp:featuredmedia":[{"embeddable":true,"href":"https:\/\/swifteasyshop.ro\/en\/wp-json\/wp\/v2\/media\/1466"}],"wp:attachment":[{"href":"https:\/\/swifteasyshop.ro\/en\/wp-json\/wp\/v2\/media?parent=1465"}],"wp:term":[{"taxonomy":"product_brand","embeddable":true,"href":"https:\/\/swifteasyshop.ro\/en\/wp-json\/wp\/v2\/product_brand?post=1465"},{"taxonomy":"product_cat","embeddable":true,"href":"https:\/\/swifteasyshop.ro\/en\/wp-json\/wp\/v2\/product_cat?post=1465"},{"taxonomy":"product_tag","embeddable":true,"href":"https:\/\/swifteasyshop.ro\/en\/wp-json\/wp\/v2\/product_tag?post=1465"}],"curies":[{"name":"wp","href":"https:\/\/api.w.org\/{rel}","templated":true}]}}