{"id":1618,"date":"2024-07-04T11:14:52","date_gmt":"2024-07-04T09:14:52","guid":{"rendered":"https:\/\/swifteasyshop.ro\/?post_type=product&#038;p=1618"},"modified":"2024-09-16T20:06:01","modified_gmt":"2024-09-16T18:06:01","slug":"automower-305-robot-de-tuns-gazon-husqvarna","status":"publish","type":"product","link":"https:\/\/swifteasyshop.ro\/en\/product\/automower-305-robot-de-tuns-gazon-husqvarna\/","title":{"rendered":"Automower\u00ae 305 -Robot de tuns gazon Husqvarna"},"content":{"rendered":"<p>Husqvarna Automower\u00ae 305 are un design compact \u0219i este ideal pentru gr\u0103dini mai mici \u0219i complexe de p\u00e2n\u0103 la 600 m2, care se ocup\u0103 cu u\u0219urin\u021b\u0103 de pante cu o \u00eenclinare de 40%. Platforma cu patru ro\u021bi \u00eempreun\u0103 cu manevrarea sistematic\u0103 a pasajelor asigur\u0103 o func\u021bionare eficient\u0103, iar func\u021bia de c\u0103utare tripl\u0103 faciliteaz\u0103 cel mai rapid drum spre cas\u0103 p\u00e2n\u0103 la sta\u021bia de \u00eenc\u0103rcare. Echipat cu cronometru, protec\u021bie \u00eempotriva \u00eenghe\u021bului \u0219i Automower\u00ae Connect @ Home. Cur\u0103\u021bat u\u0219or \u0219i sp\u0103lat cu un furtun.<br \/>Automower\u00ae Connect @ HOME<br \/>Solu\u021bia Bluetooth\u00ae, Automower\u00ae Connect @ HOME, v\u0103 ofer\u0103 un control complet asupra cositoarei chiar \u00een smartphone. Pute\u021bi trimite cu u\u0219urin\u021b\u0103 comenzile de pornire, oprire \u0219i parcare, verifica\u021bi \u0219i regla\u021bi set\u0103rile. Comunicare Bluetooth\u00ae. Standard pentru seriile 300 \u0219i 400.<br \/>Administreaz\u0103 pantele p\u00e2n\u0103 la 40%<br \/>Ro\u021bile mari de rulare grosiere asigur\u0103 o trac\u021biune excelent\u0103 chiar dac\u0103 suprafa\u021ba este alunecoas\u0103. Cositorul manevra pantele de pana la 40%.<br \/>T\u0103iere \u00een spiral\u0103<br \/>Func\u021bionalitate de t\u0103iere automat\u0103 pentru a uniformiza diferen\u021bele de \u00een\u0103l\u021bime ale ierbii. Senzorii cu discuri de t\u0103iere detecteaz\u0103 dac\u0103 ma\u0219ina de tuns iarba intr\u0103 \u00een zona cu iarb\u0103 mai mare \u0219i schimb\u0103 tehnologia de t\u0103iere la un model spiral sistematic<br \/>Fiabilitate<br \/>\u00cencrederea este un factor important \u00een cosirea robotizat\u0103 a gazonului. Pe parcursul a 20 de ani de dezvoltare Husqvarna \u015fi-a \u00eembun\u0103t\u0103\u0163it tehnologia pentru a ajunge la cel mai \u00eenalt nivel de \u00eencredere \u015fi calitate, cu un minimum de asisten\u0163\u0103.<br \/>Rezultate excelente ale t\u0103ierii<br \/>Datorit\u0103 mi\u015fc\u0103rii libere a Automower\u00ae Husqvarna, gazonul este t\u0103iat perfect asigur\u00e2nd un aspect frumos asem\u0103n\u0103tor unui covor. Cu\u0163itele taie iarba cu grij\u0103, din toate direc\u0163iile, ajut\u00e2nd-o s\u0103 creasc\u0103 viguros. Cre\u015fterea mu\u015fchiului este \u00eempiedicat\u0103 eficient.<br \/>Zgomot redus<br \/>Datorit\u0103 sistemului de t\u0103iere unic, Automower\u00ae func\u0163ioneaz\u0103 extrem de discret \u0219i silen\u0163ios \u0219i doar atunci c\u00e2nd dori\u021bi.<br \/>Sistem de t\u0103iere unic<br \/>Automower\u00ae Husqvarna taie pu\u0163in dar frecvent, ceea ce asigur\u0103 un gazon frumos \u015fi s\u0103n\u0103tos. Este echipat\u0103 cu cu\u0163ite ascu\u0163ite f\u0103cute din o\u0163el carbon rezistent, montate pe un disc t\u0103ietor robust. Aceasta asigur\u0103 eficacitatea opera\u021biei \u0219i un consum redus de energie.<br \/>\u00cenc\u0103rcare automat\u0103<br \/>C\u00e2nd Automower\u00ae are nevoie de mai mult\u0103 putere, g\u0103se\u015fte propria cale de \u00eentoarcere la sta\u0163ia de \u00eenc\u0103rcare.<br \/>Punctele de pornire de la distan\u021b\u0103 x3<br \/>Un rezultat uniform de t\u0103iere pe \u00eentreaga peluz\u0103 datorit\u0103 posibilit\u0103\u021bii de a \u00eencepe cosirea \u00een trei loca\u021bii diferite de la distan\u021b\u0103 de-a lungul firului de ghidare patentat, de la sta\u021bia de \u00eenc\u0103rcare. Cu o suprafa\u021b\u0103 mai mare de iarb\u0103, cu at\u00e2t mai bine \u0219i mai important cu mai multe puncte de pornire.<br \/>Cu navigarea activ\u0103 asistat\u0103 prin GPS (modele specifice), punctele de pornire de la distan\u021b\u0103 sunt setate automat \u0219i nu sunt necesare set\u0103ri manuale.<br \/>Alarm\u0103 antifurt<br \/>Alarma antifurt ofer\u0103 securitate maxim\u0103 cositoarei put\u00e2nd fi activat\u0103 \u00een func\u0163ie de alegerea dumneavoastr\u0103.<br \/>Consum redus de energie<br \/>Gestionarea eficient\u0103 a energiei \u00eenseamn\u0103 un consum redus de energie, care permite Automower\u00ae s\u0103 func\u0163ioneze cu doar o parte din consumul unei cositoare conven\u0163ionale.<br \/>Senzori pentru ridicare \u015fi r\u0103sturnare<br \/>Dac\u0103 Automower\u00ae este ridicat\u0103 de pe sol sau dac\u0103 se r\u0103stoarn\u0103, t\u0103ierea se opre\u015fte automat. \u00cen plus, cu\u0163itele se rotesc departe de marginea exterioar\u0103 a ma\u015finii. Dac\u0103 Automower\u00ae \u00eent\u00e2lne\u015fte un obstacol, se opre\u015fte \u015fi se redirec\u0163ioneaz\u0103 f\u0103r\u0103 s\u0103 cauzeze pagube.<br \/>Cod PIN de blocare<br \/>Automower\u00ae este echipat\u0103 cu un cod PIN eficient care cre\u015fte \u00een mare m\u0103sur\u0103 protec\u0163a cositoarei.<br \/>Panou set\u0103ri<br \/>Prin intermediul panoului de set\u0103ri cositoarea poate fi personalizat\u0103 pentru a se potrivi diferitelor tipuri de gr\u0103dini \u015fi preferin\u0163e.<br \/>Rezistent\u0103 la intemperii<br \/>Automower\u00ae poate sta afar\u0103 tot timpul \u015fi este proiectat\u0103 s\u0103 func\u0163ioneze corespunz\u0103tor \u015fi neasistat\u0103 indiferent de condi\u0163iile meteorologice. Autocositoarea\u00ae este construit\u0103 pentru a rezista la climatul nordic dur f\u0103r\u0103 nici o problem\u0103.<br \/>Fir de ghidare<br \/>Firul de ghidare ajut\u0103 cositoarea s\u0103 g\u0103seasc\u0103 drumul de \u00eentoarcere la sta\u0163ia de \u00eenc\u0103rcare, ceea ce va reduce timpul de c\u0103utare mai ales \u00een gr\u0103dinile complexe.<br \/>F\u0103r\u0103 emisii<br \/>Deoarece este alimentat\u0103 electric, Automower\u00ae nu produce emisii nocive.<br \/>Temporizator<br \/>Tu decizi dac\u0103 vrei ca Automower\u00ae s\u0103 coseasc\u0103 peluza non-stop, 7 zile pe s\u0103pt\u0103m\u00e2n\u0103.<br \/>Reglare u\u015foar\u0103 a \u00een\u0103l\u0163imii<br \/>Ajustarea \u00een\u0103l\u0163imii de t\u0103iere este u\u015for de f\u0103cut de sus, prin rotirea unui buton mare.<br \/><strong>Specifica\u021bii tehnice:<\/strong><br \/>Capacitate pe suprafa\u0163a de lucru<br \/>600 m\u00b2 \u00b120%<br \/>Sistem de \u00eenc\u0103rcare<br \/>Automat<br \/>\u00cenclinarea maxim\u0103 \u00een interiorul zonei de lucru<br \/>22\u00b0<br \/>L\u0103\u0163imea de t\u0103iere<br \/>22 cm<br \/>\u00cen\u0103l\u0163ime de t\u0103iere, min. &#8211; max.<br \/>20-60 mm<br \/>Panou de informa\u0163ii<br \/>MonoChrome Graphical Display<br \/>Senzor de ridicare<br \/>Da<br \/>Senzor de r\u0103sturnare<br \/>Da<br \/>Cu\u0163ite suplimentare<br \/>6<br \/>Cod PIN<br \/>Da<br \/>Oprirea timpului<br \/>Da<br \/>Dimensiuni produs, L x l x \u00ce<br \/>57x43x25 cm<br \/><strong>Kit-ul de instalare<\/strong>\u00a0nu este inclus \u00een pre\u021bul utilajului.<br \/><strong>Kit-ul de instalare<\/strong>\u00a0cuprinde 3 variante diferite cu pre\u021buri diferite \u00een func\u021bia de dimensiunea \u0219i complexitatea peluzei<\/p>","protected":false},"excerpt":{"rendered":"<p><strong>Atentie:<\/strong><br \/><strong>Kit-ul de instalare<\/strong>\u00a0nu este inclus \u00een pre\u021bul utilajului.<br \/><strong>Kit-ul de instalare<\/strong>\u00a0cuprinde 3 variante diferite cu pre\u021buri diferite \u00een func\u021bie de dimensiunea \u0219i complexitatea peluzei<\/p>","protected":false},"featured_media":1630,"comment_status":"open","ping_status":"closed","template":"","meta":{"site-sidebar-layout":"default","site-content-layout":"","ast-site-content-layout":"default","site-content-style":"default","site-sidebar-style":"default","ast-global-header-display":"","ast-banner-title-visibility":"","ast-main-header-display":"","ast-hfb-above-header-display":"","ast-hfb-below-header-display":"","ast-hfb-mobile-header-display":"","site-post-title":"","ast-breadcrumbs-content":"","ast-featured-img":"","footer-sml-layout":"","theme-transparent-header-meta":"","adv-header-id-meta":"","stick-header-meta":"","header-above-stick-meta":"","header-main-stick-meta":"","header-below-stick-meta":"","astra-migrate-meta-layouts":"default","ast-page-background-enabled":"default","ast-page-background-meta":{"desktop":{"background-color":"var(--ast-global-color-4)","background-image":"","background-repeat":"repeat","background-position":"center center","background-size":"auto","background-attachment":"scroll","background-type":"","background-media":"","overlay-type":"","overlay-color":"","overlay-opacity":"","overlay-gradient":""},"tablet":{"background-color":"","background-image":"","background-repeat":"repeat","background-position":"center center","background-size":"auto","background-attachment":"scroll","background-type":"","background-media":"","overlay-type":"","overlay-color":"","overlay-opacity":"","overlay-gradient":""},"mobile":{"background-color":"","background-image":"","background-repeat":"repeat","background-position":"center center","background-size":"auto","background-attachment":"scroll","background-type":"","background-media":"","overlay-type":"","overlay-color":"","overlay-opacity":"","overlay-gradient":""}},"ast-content-background-meta":{"desktop":{"background-color":"var(--ast-global-color-5)","background-image":"","background-repeat":"repeat","background-position":"center center","background-size":"auto","background-attachment":"scroll","background-type":"","background-media":"","overlay-type":"","overlay-color":"","overlay-opacity":"","overlay-gradient":""},"tablet":{"background-color":"var(--ast-global-color-5)","background-image":"","background-repeat":"repeat","background-position":"center center","background-size":"auto","background-attachment":"scroll","background-type":"","background-media":"","overlay-type":"","overlay-color":"","overlay-opacity":"","overlay-gradient":""},"mobile":{"background-color":"var(--ast-global-color-5)","background-image":"","background-repeat":"repeat","background-position":"center center","background-size":"auto","background-attachment":"scroll","background-type":"","background-media":"","overlay-type":"","overlay-color":"","overlay-opacity":"","overlay-gradient":""}}},"product_brand":[],"product_cat":[58,65],"product_tag":[],"class_list":{"0":"post-1618","1":"product","2":"type-product","3":"status-publish","4":"has-post-thumbnail","6":"product_cat-aku","7":"product_cat-roboti-de-gazon","8":"product_shipping_class-transport","9":"desktop-align-center","10":"tablet-align-left","11":"mobile-align-left","13":"first","14":"instock","15":"shipping-taxable","16":"purchasable","17":"product-type-simple"},"jetpack_sharing_enabled":true,"_links":{"self":[{"href":"https:\/\/swifteasyshop.ro\/en\/wp-json\/wp\/v2\/product\/1618","targetHints":{"allow":["GET"]}}],"collection":[{"href":"https:\/\/swifteasyshop.ro\/en\/wp-json\/wp\/v2\/product"}],"about":[{"href":"https:\/\/swifteasyshop.ro\/en\/wp-json\/wp\/v2\/types\/product"}],"replies":[{"embeddable":true,"href":"https:\/\/swifteasyshop.ro\/en\/wp-json\/wp\/v2\/comments?post=1618"}],"wp:featuredmedia":[{"embeddable":true,"href":"https:\/\/swifteasyshop.ro\/en\/wp-json\/wp\/v2\/media\/1630"}],"wp:attachment":[{"href":"https:\/\/swifteasyshop.ro\/en\/wp-json\/wp\/v2\/media?parent=1618"}],"wp:term":[{"taxonomy":"product_brand","embeddable":true,"href":"https:\/\/swifteasyshop.ro\/en\/wp-json\/wp\/v2\/product_brand?post=1618"},{"taxonomy":"product_cat","embeddable":true,"href":"https:\/\/swifteasyshop.ro\/en\/wp-json\/wp\/v2\/product_cat?post=1618"},{"taxonomy":"product_tag","embeddable":true,"href":"https:\/\/swifteasyshop.ro\/en\/wp-json\/wp\/v2\/product_tag?post=1618"}],"curies":[{"name":"wp","href":"https:\/\/api.w.org\/{rel}","templated":true}]}}