{"id":1623,"date":"2024-07-04T11:47:53","date_gmt":"2024-07-04T09:47:53","guid":{"rendered":"https:\/\/swifteasyshop.ro\/?post_type=product&#038;p=1623"},"modified":"2024-09-16T20:05:55","modified_gmt":"2024-09-16T18:05:55","slug":"automower-310-robot-de-tuns-gazon-husqvarna","status":"publish","type":"product","link":"https:\/\/swifteasyshop.ro\/en\/product\/automower-310-robot-de-tuns-gazon-husqvarna\/","title":{"rendered":"Automower\u00ae 310 -Robot de tuns gazon Husqvarna"},"content":{"rendered":"<p>Datorit\u0103 construc\u021biei compacte cu 4 ro\u021bi, ma\u0219ina robotizat\u0103 de tuns gazon Husqvarna Automower\u00ae 310 Mark II face fa\u021b\u0103 cu brio peluzelor de p\u00e2n\u0103 la 1000 m2. Aceasta se poate deplasa pe pante cu p\u00e2na la 40% \u00eenclinare \u0219i se poate ghida singur\u0103 prin spa\u021bii \u00eenguste.<br \/>Dup\u0103 ce finalizeaz\u0103 sarcina, func\u021bia tripl\u0103 de c\u0103utare g\u0103se\u0219te cea mai rapid\u0103 cale de revenire la sta\u021bia de \u00eenc\u0103rcare. U\u0219or de utilizat \u0219i cur\u0103\u021bat, aceasta poate fi controlat\u0103 prin smartphone, fiind prev\u0103zut\u0103 cu o protec\u021bie la \u00eenghe\u021b \u0219i temporizator \u00een func\u021bie de condi\u021biile meteo, care regleaz\u0103 orele de t\u0103iere \u00een func\u021bie de anotimp.<br \/>Automower\u00ae Connect@HOME<br \/>Interac\u021biona\u021bi simplu \u0219i comod cu robotul dvs. cu ajutorul telefonului personal prin Bluetooth. Astfel, pute\u021bi primi notific\u0103ri de stare, trimite comenzi de Pornire \u0219i de Parcare \u0219i pute\u021bi regla set\u0103rile robotului de la distan\u021be de p\u00e2n\u0103 la 10m. Standard la modelele seria 300 \u0219i 400.<br \/>Abordare automat\u0103 a spa\u0163iilor \u00eenguste<br \/>Automower\u00ae Husqvarna detecteaz\u0103 automat pasajele \u00eenguste \u015fi \u00ee\u015fi g\u0103se\u015fte drumul chiar \u015fi prin cele mai mici pasaje. Aceasta va varia traseul prin pasaj pentru a evita l\u0103sarea unor urme nepl\u0103cute.<br \/>Fir de ghidare<br \/>Firul de ghidare ajut\u0103 ma\u0219ina de tuns gazon s\u0103 g\u0103seasc\u0103 drumul de \u00eentoarcere la sta\u0163ia de \u00eenc\u0103rcare, ceea ce va reduce timpul de c\u0103utare mai ales \u00een gr\u0103dinile complexe.<br \/>Gestioneaz\u0103 pante p\u00e2n\u0103 la 40%<br \/>Ro\u021bile mari asigur\u0103 trac\u021biune bun\u0103 chiar \u0219i pe suprafe\u021be alunecoase. Ma\u0219ina de tuns gazon gestioneaz\u0103 pante p\u00e2n\u0103 la 40%.<br \/>Tip accumulator<br \/>Li-Ion<br \/>Capacitate baterie<br \/>2.0 Ah<br \/>Tensiune baterie<br \/>18 V<br \/>Tensiunea bateriei \u2013 Max<br \/>20 V<br \/>Sursa de alimentare alternativa<br \/>Battery<br \/>Surs\u0103 de energie<br \/>Battery<br \/>Baterie inclus\u0103<br \/>Da<br \/>Blocarea instala\u0163iei<br \/>Da<br \/>Curent de \u00eenc\u0103rcare<br \/>1.3 A<br \/>Greutate baterie<br \/>0.26 kg<br \/>GTIN-13\/EAN<br \/>7392930520967<br \/>Capacitate pe suprafa\u0163a de lucru<br \/>1000 m\u00b2 \u00b120%<br \/>Sistem de \u00eenc\u0103rcare<br \/>Automat<br \/>\u021aara de origine<br \/>United Kingdom<br \/>\u00cenclinarea maxim\u0103 \u00een interiorul zonei de lucru<br \/>22 \u00b0<br \/>Capacitate baterie<br \/>2.0 Ah<br \/>Suprafa\u0163a cosit\u0103 \u00eentr-o or\u0103<br \/>56 m\u00b2<br \/>Timp de cosit tipic la o singur\u0103 \u00eenc\u0103rcare<br \/>70 min<br \/>Timp de \u00eenc\u0103rcare tipic<br \/>60 min<br \/>Consum de energie \u00een timpul t\u0103ierii<br \/>25 W<br \/>Consum mediu de energie la capacitate maxim\u0103<br \/>8 kWh<br \/>Sistem de t\u0103iere<br \/>3 pivoting razor blades<br \/>L\u0103\u0163imea de t\u0103iere<br \/>22 cm<br \/>\u00cen\u0103l\u0163ime de t\u0103iere, min. &#8211; max.<br \/>20-60 mm<br \/>Cu\u0163ite suplimentare<br \/>6 buc.<br \/>Dimensiune produs, \u00een\u0103l\u0163ime<br \/>25 cm<br \/>Dimensiune produs, l\u0103\u0163ime<br \/>51 cm<br \/>Dimensiune produs, lungime<br \/>63 cm<br \/>Greutate<br \/>9.2 kg<br \/>Tastatur\u0103<br \/>Keypad and display\/App<br \/>Panou de informa\u0163ii<br \/>MonoChrome Graphical Display 2,1\u201d<br \/>Temporizator<br \/>Da<br \/>Alarm\u0103<br \/>Da<br \/>Cod PIN<br \/>Da<br \/>Blocarea instala\u0163iei<br \/>Da<br \/>Oprirea timpului<br \/>Da<br \/>Senzor de ridicare<br \/>Da<br \/>Senzor de r\u0103sturnare<br \/>Da<br \/>Tip m\u00e2ner<br \/>\u00cencorporat<br \/>Filete de roti<br \/>Mediu<br \/>Cu\u0163ite suplimentare<br \/>6 buc.<br \/>Bucla firului<br \/>0 m<br \/>Ag\u0103\u021b\u0103toare de perete<br \/>0 buc.<br \/>Baterie inclus\u0103<br \/>Da<br \/>Tip motor de antrenare<br \/>Brushless DC motor<br \/>Tip motor lama<br \/>Brushless DC motor<br \/>Nivel acustic garantat<br \/>60 dB(A)<br \/><strong>Kit-ul de instalare<\/strong>\u00a0nu este inclus \u00een pre\u021bul utilajului.<br \/><strong>Kit-ul de instalare<\/strong>\u00a0cuprinde 3 variante diferite cu pre\u021buri diferite \u00een func\u021bie de dimensiunea \u0219i complexitatea peluzei<\/p>","protected":false},"excerpt":{"rendered":"<p><strong>Atentie:<\/strong><br \/><strong>Kit-ul de instalare<\/strong>\u00a0nu este inclus \u00een pre\u021bul utilajului.<br \/><strong>Kit-ul de instalare<\/strong>\u00a0cuprinde 3 variante diferite cu pre\u021buri diferite \u00een func\u021bie de dimensiunea \u0219i complexitatea peluzei<\/p>","protected":false},"featured_media":1625,"comment_status":"open","ping_status":"closed","template":"","meta":{"site-sidebar-layout":"default","site-content-layout":"","ast-site-content-layout":"default","site-content-style":"default","site-sidebar-style":"default","ast-global-header-display":"","ast-banner-title-visibility":"","ast-main-header-display":"","ast-hfb-above-header-display":"","ast-hfb-below-header-display":"","ast-hfb-mobile-header-display":"","site-post-title":"","ast-breadcrumbs-content":"","ast-featured-img":"","footer-sml-layout":"","theme-transparent-header-meta":"","adv-header-id-meta":"","stick-header-meta":"","header-above-stick-meta":"","header-main-stick-meta":"","header-below-stick-meta":"","astra-migrate-meta-layouts":"default","ast-page-background-enabled":"default","ast-page-background-meta":{"desktop":{"background-color":"var(--ast-global-color-4)","background-image":"","background-repeat":"repeat","background-position":"center center","background-size":"auto","background-attachment":"scroll","background-type":"","background-media":"","overlay-type":"","overlay-color":"","overlay-opacity":"","overlay-gradient":""},"tablet":{"background-color":"","background-image":"","background-repeat":"repeat","background-position":"center center","background-size":"auto","background-attachment":"scroll","background-type":"","background-media":"","overlay-type":"","overlay-color":"","overlay-opacity":"","overlay-gradient":""},"mobile":{"background-color":"","background-image":"","background-repeat":"repeat","background-position":"center center","background-size":"auto","background-attachment":"scroll","background-type":"","background-media":"","overlay-type":"","overlay-color":"","overlay-opacity":"","overlay-gradient":""}},"ast-content-background-meta":{"desktop":{"background-color":"var(--ast-global-color-5)","background-image":"","background-repeat":"repeat","background-position":"center center","background-size":"auto","background-attachment":"scroll","background-type":"","background-media":"","overlay-type":"","overlay-color":"","overlay-opacity":"","overlay-gradient":""},"tablet":{"background-color":"var(--ast-global-color-5)","background-image":"","background-repeat":"repeat","background-position":"center center","background-size":"auto","background-attachment":"scroll","background-type":"","background-media":"","overlay-type":"","overlay-color":"","overlay-opacity":"","overlay-gradient":""},"mobile":{"background-color":"var(--ast-global-color-5)","background-image":"","background-repeat":"repeat","background-position":"center center","background-size":"auto","background-attachment":"scroll","background-type":"","background-media":"","overlay-type":"","overlay-color":"","overlay-opacity":"","overlay-gradient":""}}},"product_brand":[],"product_cat":[58,65],"product_tag":[],"class_list":{"0":"post-1623","1":"product","2":"type-product","3":"status-publish","4":"has-post-thumbnail","6":"product_cat-aku","7":"product_cat-roboti-de-gazon","8":"product_shipping_class-transport","9":"desktop-align-center","10":"tablet-align-left","11":"mobile-align-left","13":"first","14":"instock","15":"shipping-taxable","16":"purchasable","17":"product-type-simple"},"jetpack_sharing_enabled":true,"_links":{"self":[{"href":"https:\/\/swifteasyshop.ro\/en\/wp-json\/wp\/v2\/product\/1623","targetHints":{"allow":["GET"]}}],"collection":[{"href":"https:\/\/swifteasyshop.ro\/en\/wp-json\/wp\/v2\/product"}],"about":[{"href":"https:\/\/swifteasyshop.ro\/en\/wp-json\/wp\/v2\/types\/product"}],"replies":[{"embeddable":true,"href":"https:\/\/swifteasyshop.ro\/en\/wp-json\/wp\/v2\/comments?post=1623"}],"wp:featuredmedia":[{"embeddable":true,"href":"https:\/\/swifteasyshop.ro\/en\/wp-json\/wp\/v2\/media\/1625"}],"wp:attachment":[{"href":"https:\/\/swifteasyshop.ro\/en\/wp-json\/wp\/v2\/media?parent=1623"}],"wp:term":[{"taxonomy":"product_brand","embeddable":true,"href":"https:\/\/swifteasyshop.ro\/en\/wp-json\/wp\/v2\/product_brand?post=1623"},{"taxonomy":"product_cat","embeddable":true,"href":"https:\/\/swifteasyshop.ro\/en\/wp-json\/wp\/v2\/product_cat?post=1623"},{"taxonomy":"product_tag","embeddable":true,"href":"https:\/\/swifteasyshop.ro\/en\/wp-json\/wp\/v2\/product_tag?post=1623"}],"curies":[{"name":"wp","href":"https:\/\/api.w.org\/{rel}","templated":true}]}}