{"id":887,"date":"2024-02-27T15:37:44","date_gmt":"2024-02-27T13:37:44","guid":{"rendered":"https:\/\/swifteasyshop.ro\/?post_type=product&#038;p=887"},"modified":"2024-09-16T20:02:22","modified_gmt":"2024-09-16T18:02:22","slug":"motocoasa-4","status":"publish","type":"product","link":"https:\/\/swifteasyshop.ro\/en\/product\/motocoasa-4\/","title":{"rendered":"Motocoasa Husqvarna 325R 1.3CP"},"content":{"rendered":"<p>Echipat\u0103 cu un ax solid de ac\u021bionare, motounealta 325R este construit\u0103 pentru a face fa\u021b\u0103 sarcinilor exigente pentru proprietarii de terenuri sau fermierii. Utilajul este u\u0219or de pornit datorit\u0103 func\u021biei SmartStart\u00ae \u0219i comenzilor intuitive, cum ar fi comutatorul de oprire cu revenire automat\u0103. Modelul 325R este versatil, echipat cu un cap trimmy \u0219i un cu\u021bit pentru iarb\u0103, permi\u021b\u00e2ndu-v\u0103 s\u0103 t\u0103ia\u021bi at\u00e2t iarb\u0103, c\u00e2t \u0219i arboret cu un singur utilaj.<\/p>","protected":false},"excerpt":{"rendered":"<p><strong>Pre\u0163ul include<\/strong>:\u00a0<br \/>*Ham Standard\u00a0<br \/>*Cap Trimmy T35 M10\u00a0<br \/>*Ap\u0103r\u0103toare trimmer<br \/>*Lam\u0103 pentru iarb\u0103 cu 4 din\u021bi\u00a0<\/p>","protected":false},"featured_media":889,"comment_status":"open","ping_status":"closed","template":"","meta":{"site-sidebar-layout":"default","site-content-layout":"","ast-site-content-layout":"default","site-content-style":"default","site-sidebar-style":"default","ast-global-header-display":"","ast-banner-title-visibility":"","ast-main-header-display":"","ast-hfb-above-header-display":"","ast-hfb-below-header-display":"","ast-hfb-mobile-header-display":"","site-post-title":"","ast-breadcrumbs-content":"","ast-featured-img":"","footer-sml-layout":"","theme-transparent-header-meta":"","adv-header-id-meta":"","stick-header-meta":"","header-above-stick-meta":"","header-main-stick-meta":"","header-below-stick-meta":"","astra-migrate-meta-layouts":"default","ast-page-background-enabled":"default","ast-page-background-meta":{"desktop":{"background-color":"var(--ast-global-color-4)","background-image":"","background-repeat":"repeat","background-position":"center center","background-size":"auto","background-attachment":"scroll","background-type":"","background-media":"","overlay-type":"","overlay-color":"","overlay-opacity":"","overlay-gradient":""},"tablet":{"background-color":"","background-image":"","background-repeat":"repeat","background-position":"center center","background-size":"auto","background-attachment":"scroll","background-type":"","background-media":"","overlay-type":"","overlay-color":"","overlay-opacity":"","overlay-gradient":""},"mobile":{"background-color":"","background-image":"","background-repeat":"repeat","background-position":"center center","background-size":"auto","background-attachment":"scroll","background-type":"","background-media":"","overlay-type":"","overlay-color":"","overlay-opacity":"","overlay-gradient":""}},"ast-content-background-meta":{"desktop":{"background-color":"var(--ast-global-color-5)","background-image":"","background-repeat":"repeat","background-position":"center center","background-size":"auto","background-attachment":"scroll","background-type":"","background-media":"","overlay-type":"","overlay-color":"","overlay-opacity":"","overlay-gradient":""},"tablet":{"background-color":"var(--ast-global-color-5)","background-image":"","background-repeat":"repeat","background-position":"center center","background-size":"auto","background-attachment":"scroll","background-type":"","background-media":"","overlay-type":"","overlay-color":"","overlay-opacity":"","overlay-gradient":""},"mobile":{"background-color":"var(--ast-global-color-5)","background-image":"","background-repeat":"repeat","background-position":"center center","background-size":"auto","background-attachment":"scroll","background-type":"","background-media":"","overlay-type":"","overlay-color":"","overlay-opacity":"","overlay-gradient":""}}},"product_brand":[],"product_cat":[38],"product_tag":[],"class_list":{"0":"post-887","1":"product","2":"type-product","3":"status-publish","4":"has-post-thumbnail","6":"product_cat-cositoare","7":"product_shipping_class-transport","8":"desktop-align-center","9":"tablet-align-left","10":"mobile-align-left","12":"first","13":"instock","14":"shipping-taxable","15":"purchasable","16":"product-type-simple"},"jetpack_sharing_enabled":true,"_links":{"self":[{"href":"https:\/\/swifteasyshop.ro\/en\/wp-json\/wp\/v2\/product\/887","targetHints":{"allow":["GET"]}}],"collection":[{"href":"https:\/\/swifteasyshop.ro\/en\/wp-json\/wp\/v2\/product"}],"about":[{"href":"https:\/\/swifteasyshop.ro\/en\/wp-json\/wp\/v2\/types\/product"}],"replies":[{"embeddable":true,"href":"https:\/\/swifteasyshop.ro\/en\/wp-json\/wp\/v2\/comments?post=887"}],"wp:featuredmedia":[{"embeddable":true,"href":"https:\/\/swifteasyshop.ro\/en\/wp-json\/wp\/v2\/media\/889"}],"wp:attachment":[{"href":"https:\/\/swifteasyshop.ro\/en\/wp-json\/wp\/v2\/media?parent=887"}],"wp:term":[{"taxonomy":"product_brand","embeddable":true,"href":"https:\/\/swifteasyshop.ro\/en\/wp-json\/wp\/v2\/product_brand?post=887"},{"taxonomy":"product_cat","embeddable":true,"href":"https:\/\/swifteasyshop.ro\/en\/wp-json\/wp\/v2\/product_cat?post=887"},{"taxonomy":"product_tag","embeddable":true,"href":"https:\/\/swifteasyshop.ro\/en\/wp-json\/wp\/v2\/product_tag?post=887"}],"curies":[{"name":"wp","href":"https:\/\/api.w.org\/{rel}","templated":true}]}}